{"id":1827,"date":"2018-02-13T11:33:18","date_gmt":"2018-02-13T10:33:18","guid":{"rendered":"http:\/\/garanley.com\/?page_id=1827"},"modified":"2020-07-03T09:39:49","modified_gmt":"2020-07-03T07:39:49","slug":"contacte","status":"publish","type":"page","link":"https:\/\/garanley.com\/ca\/contacte\/","title":{"rendered":"Contacto"},"content":{"rendered":"\t\t<div data-elementor-type=\"wp-post\" data-elementor-id=\"1827\" class=\"elementor elementor-1827\" data-elementor-settings=\"[]\">\n\t\t\t\t\t\t<div class=\"elementor-inner\">\n\t\t\t\t\t\t\t<div class=\"elementor-section-wrap\">\n\t\t\t\t\t\t\t<section class=\"elementor-section elementor-top-section elementor-element elementor-element-379f8e42 elementor-section-height-min-height elementor-section-boxed elementor-section-height-default elementor-section-items-middle\" data-id=\"379f8e42\" data-element_type=\"section\" data-settings=\"{&quot;background_background&quot;:&quot;classic&quot;}\">\n\t\t\t\t\t\t\t<div class=\"elementor-background-overlay\"><\/div>\n\t\t\t\t\t\t\t<div class=\"elementor-container elementor-column-gap-no\">\n\t\t\t\t\t\t\t<div class=\"elementor-row\">\n\t\t\t\t\t<div class=\"elementor-column elementor-col-100 elementor-top-column elementor-element elementor-element-1921581e\" data-id=\"1921581e\" data-element_type=\"column\">\n\t\t\t<div class=\"elementor-column-wrap elementor-element-populated\">\n\t\t\t\t\t\t\t<div class=\"elementor-widget-wrap\">\n\t\t\t\t\t\t<div class=\"elementor-element elementor-element-1d930a05 elementor-widget elementor-widget-heading\" data-id=\"1d930a05\" data-element_type=\"widget\" data-widget_type=\"heading.default\">\n\t\t\t\t<div class=\"elementor-widget-container\">\n\t\t\t<h1 class=\"elementor-heading-title elementor-size-medium\">Contactar<\/h1>\t\t<\/div>\n\t\t\t\t<\/div>\n\t\t\t\t\t\t<\/div>\n\t\t\t\t\t<\/div>\n\t\t<\/div>\n\t\t\t\t\t\t\t\t<\/div>\n\t\t\t\t\t<\/div>\n\t\t<\/section>\n\t\t\t\t<section class=\"elementor-section elementor-top-section elementor-element elementor-element-64742ba1 elementor-section-boxed elementor-section-height-default elementor-section-height-default\" data-id=\"64742ba1\" data-element_type=\"section\" data-settings=\"{&quot;background_background&quot;:&quot;classic&quot;}\">\n\t\t\t\t\t\t<div class=\"elementor-container elementor-column-gap-default\">\n\t\t\t\t\t\t\t<div class=\"elementor-row\">\n\t\t\t\t\t<div class=\"elementor-column elementor-col-33 elementor-top-column elementor-element elementor-element-6cc58884\" data-id=\"6cc58884\" data-element_type=\"column\">\n\t\t\t<div class=\"elementor-column-wrap elementor-element-populated\">\n\t\t\t\t\t\t\t<div class=\"elementor-widget-wrap\">\n\t\t\t\t\t\t<div class=\"elementor-element elementor-element-157c11e9 elementor-view-default elementor-position-top elementor-vertical-align-top elementor-widget elementor-widget-icon-box\" data-id=\"157c11e9\" data-element_type=\"widget\" data-widget_type=\"icon-box.default\">\n\t\t\t\t<div class=\"elementor-widget-container\">\n\t\t\t\t\t<div class=\"elementor-icon-box-wrapper\">\n\t\t\t\t\t\t<div class=\"elementor-icon-box-icon\">\n\t\t\t\t<span class=\"elementor-icon elementor-animation-\" >\n\t\t\t\t<i class=\"fa fa-home\" aria-hidden=\"true\"><\/i>\t\t\t\t<\/span>\n\t\t\t<\/div>\n\t\t\t\t\t\t<div class=\"elementor-icon-box-content\">\n\t\t\t\t<h3 class=\"elementor-icon-box-title\">\n\t\t\t\t\t<span >Adre\u00e7a<\/span>\n\t\t\t\t<\/h3>\n\t\t\t\t\t\t\t<\/div>\n\t\t<\/div>\n\t\t\t\t<\/div>\n\t\t\t\t<\/div>\n\t\t\t\t<div class=\"elementor-element elementor-element-638e67a0 elementor-widget elementor-widget-heading\" data-id=\"638e67a0\" data-element_type=\"widget\" data-widget_type=\"heading.default\">\n\t\t\t\t<div class=\"elementor-widget-container\">\n\t\t\t<p class=\"elementor-heading-title elementor-size-large\">C. Pau Claris, 138, 1r 4a<br><br>\n08009 Barcelona<\/p>\t\t<\/div>\n\t\t\t\t<\/div>\n\t\t\t\t\t\t<\/div>\n\t\t\t\t\t<\/div>\n\t\t<\/div>\n\t\t\t\t<div class=\"elementor-column elementor-col-33 elementor-top-column elementor-element elementor-element-7a5cefd1\" data-id=\"7a5cefd1\" data-element_type=\"column\">\n\t\t\t<div class=\"elementor-column-wrap elementor-element-populated\">\n\t\t\t\t\t\t\t<div class=\"elementor-widget-wrap\">\n\t\t\t\t\t\t<div class=\"elementor-element elementor-element-b0c5114 elementor-view-default elementor-position-top elementor-vertical-align-top elementor-widget elementor-widget-icon-box\" data-id=\"b0c5114\" data-element_type=\"widget\" data-widget_type=\"icon-box.default\">\n\t\t\t\t<div class=\"elementor-widget-container\">\n\t\t\t\t\t<div class=\"elementor-icon-box-wrapper\">\n\t\t\t\t\t\t<div class=\"elementor-icon-box-icon\">\n\t\t\t\t<span class=\"elementor-icon elementor-animation-\" >\n\t\t\t\t<i class=\"fa fa-phone\" aria-hidden=\"true\"><\/i>\t\t\t\t<\/span>\n\t\t\t<\/div>\n\t\t\t\t\t\t<div class=\"elementor-icon-box-content\">\n\t\t\t\t<h3 class=\"elementor-icon-box-title\">\n\t\t\t\t\t<span >Tel\u00e8fon<\/span>\n\t\t\t\t<\/h3>\n\t\t\t\t\t\t\t\t<p class=\"elementor-icon-box-description\">\n<\/p>\n\t\t\t\t\t\t\t<\/div>\n\t\t<\/div>\n\t\t\t\t<\/div>\n\t\t\t\t<\/div>\n\t\t\t\t<div class=\"elementor-element elementor-element-6cd52a4b elementor-widget elementor-widget-heading\" data-id=\"6cd52a4b\" data-element_type=\"widget\" data-widget_type=\"heading.default\">\n\t\t\t\t<div class=\"elementor-widget-container\">\n\t\t\t<p class=\"elementor-heading-title elementor-size-large\"><a href=\"tel:931810415\">931 81 04 15<\/a><br\/><br\/>\n<a href=\"tel:659353503\">659 35 35 03<\/a><\/p>\t\t<\/div>\n\t\t\t\t<\/div>\n\t\t\t\t\t\t<\/div>\n\t\t\t\t\t<\/div>\n\t\t<\/div>\n\t\t\t\t<div class=\"elementor-column elementor-col-33 elementor-top-column elementor-element elementor-element-40c31b4e\" data-id=\"40c31b4e\" data-element_type=\"column\">\n\t\t\t<div class=\"elementor-column-wrap elementor-element-populated\">\n\t\t\t\t\t\t\t<div class=\"elementor-widget-wrap\">\n\t\t\t\t\t\t<div class=\"elementor-element elementor-element-7af70df8 elementor-view-default elementor-position-top elementor-vertical-align-top elementor-widget elementor-widget-icon-box\" data-id=\"7af70df8\" data-element_type=\"widget\" data-widget_type=\"icon-box.default\">\n\t\t\t\t<div class=\"elementor-widget-container\">\n\t\t\t\t\t<div class=\"elementor-icon-box-wrapper\">\n\t\t\t\t\t\t<div class=\"elementor-icon-box-icon\">\n\t\t\t\t<span class=\"elementor-icon elementor-animation-\" >\n\t\t\t\t<i class=\"fa fa-envelope-o\" aria-hidden=\"true\"><\/i>\t\t\t\t<\/span>\n\t\t\t<\/div>\n\t\t\t\t\t\t<div class=\"elementor-icon-box-content\">\n\t\t\t\t<h3 class=\"elementor-icon-box-title\">\n\t\t\t\t\t<span >Email<\/span>\n\t\t\t\t<\/h3>\n\t\t\t\t\t\t\t\t<p class=\"elementor-icon-box-description\">\n<\/p>\n\t\t\t\t\t\t\t<\/div>\n\t\t<\/div>\n\t\t\t\t<\/div>\n\t\t\t\t<\/div>\n\t\t\t\t<div class=\"elementor-element elementor-element-2e6b82aa elementor-widget elementor-widget-heading\" data-id=\"2e6b82aa\" data-element_type=\"widget\" data-widget_type=\"heading.default\">\n\t\t\t\t<div class=\"elementor-widget-container\">\n\t\t\t<p class=\"elementor-heading-title elementor-size-large\"><a href=\"mailto:info@garanley.com\">info@garanley.com<\/a><\/p>\t\t<\/div>\n\t\t\t\t<\/div>\n\t\t\t\t\t\t<\/div>\n\t\t\t\t\t<\/div>\n\t\t<\/div>\n\t\t\t\t\t\t\t\t<\/div>\n\t\t\t\t\t<\/div>\n\t\t<\/section>\n\t\t\t\t<section class=\"elementor-section elementor-top-section elementor-element elementor-element-433d11bc elementor-section-content-middle elementor-section-boxed elementor-section-height-default elementor-section-height-default\" data-id=\"433d11bc\" data-element_type=\"section\">\n\t\t\t\t\t\t<div class=\"elementor-container elementor-column-gap-no\">\n\t\t\t\t\t\t\t<div class=\"elementor-row\">\n\t\t\t\t\t<div class=\"elementor-column elementor-col-100 elementor-top-column elementor-element elementor-element-5a62224b\" data-id=\"5a62224b\" data-element_type=\"column\">\n\t\t\t<div class=\"elementor-column-wrap elementor-element-populated\">\n\t\t\t\t\t\t\t<div class=\"elementor-widget-wrap\">\n\t\t\t\t\t\t<div class=\"elementor-element elementor-element-29da0c8e uael-stack-desktop-no uael-heading-stack-none elementor-widget elementor-widget-uael-dual-color-heading\" data-id=\"29da0c8e\" data-element_type=\"widget\" data-widget_type=\"uael-dual-color-heading.default\">\n\t\t\t\t<div class=\"elementor-widget-container\">\n\t\t\t\t\t\t\t<div class=\"uael-module-content uael-dual-color-heading\">\n\t\t\t<h2>\n\t\t\t\t\t\t\t\t\t\t\t\t\t\t\t\t<span class=\"uael-before-heading\"><span class=\"elementor-inline-editing uael-dual-heading-text uael-first-text\" data-elementor-setting-key=\"before_heading_text\" data-elementor-inline-editing-toolbar=\"basic\">Contacta<\/span><\/span><span class=\"uael-adv-heading-stack\"><span class=\"elementor-inline-editing uael-dual-heading-text uael-highlight-text\" data-elementor-setting-key=\"second_heading_text\" data-elementor-inline-editing-toolbar=\"basic\">amb nosaltres<\/span><\/span>\t\t\t\t\t\t\t\t\t\t\t\t\t<\/h2>\n\t\t<\/div>\n\t\t\t\t<\/div>\n\t\t\t\t<\/div>\n\t\t\t\t<section class=\"elementor-section elementor-inner-section elementor-element elementor-element-cb9339d elementor-section-boxed elementor-section-height-default elementor-section-height-default\" data-id=\"cb9339d\" data-element_type=\"section\">\n\t\t\t\t\t\t<div class=\"elementor-container elementor-column-gap-default\">\n\t\t\t\t\t\t\t<div class=\"elementor-row\">\n\t\t\t\t\t<div class=\"elementor-column elementor-col-33 elementor-inner-column elementor-element elementor-element-72083b68\" data-id=\"72083b68\" data-element_type=\"column\">\n\t\t\t<div class=\"elementor-column-wrap\">\n\t\t\t\t\t\t\t<div class=\"elementor-widget-wrap\">\n\t\t\t\t\t\t\t\t<\/div>\n\t\t\t\t\t<\/div>\n\t\t<\/div>\n\t\t\t\t<div class=\"elementor-column elementor-col-33 elementor-inner-column elementor-element elementor-element-e2a66c1\" data-id=\"e2a66c1\" data-element_type=\"column\">\n\t\t\t<div class=\"elementor-column-wrap elementor-element-populated\">\n\t\t\t\t\t\t\t<div class=\"elementor-widget-wrap\">\n\t\t\t\t\t\t<div class=\"elementor-element elementor-element-609a6a17 elementor-button-align-start elementor-widget elementor-widget-form\" data-id=\"609a6a17\" data-element_type=\"widget\" data-settings=\"{&quot;step_next_label&quot;:&quot;Next&quot;,&quot;step_previous_label&quot;:&quot;Previous&quot;,&quot;button_width&quot;:&quot;100&quot;,&quot;step_type&quot;:&quot;number_text&quot;,&quot;step_icon_shape&quot;:&quot;circle&quot;}\" data-widget_type=\"form.default\">\n\t\t\t\t<div class=\"elementor-widget-container\">\n\t\t\t\t\t<form class=\"elementor-form\" method=\"post\" name=\"Formulario de contacto\">\n\t\t\t<input type=\"hidden\" name=\"post_id\" value=\"1827\"\/>\n\t\t\t<input type=\"hidden\" name=\"form_id\" value=\"609a6a17\"\/>\n\t\t\t<input type=\"hidden\" name=\"referer_title\" value=\"Garanley Abogados\" \/>\n\n\t\t\t\n\t\t\t<div class=\"elementor-form-fields-wrapper elementor-labels-\">\n\t\t\t\t\t\t\t\t<div class=\"elementor-field-type-text elementor-field-group elementor-column elementor-field-group-name elementor-col-50 elementor-field-required\">\n\t\t\t\t\t<label for=\"form-field-name\" class=\"elementor-field-label elementor-screen-only\">Nom<\/label><input size=\"1\" type=\"text\" name=\"form_fields[name]\" id=\"form-field-name\" class=\"elementor-field elementor-size-md  elementor-field-textual\" placeholder=\"Nom\" required=\"required\" aria-required=\"true\">\t\t\t\t<\/div>\n\t\t\t\t\t\t\t\t<div class=\"elementor-field-type-tel elementor-field-group elementor-column elementor-field-group-6c48806 elementor-col-50 elementor-field-required\">\n\t\t\t\t\t<label for=\"form-field-6c48806\" class=\"elementor-field-label elementor-screen-only\">Tel\u00e9fono<\/label><input size=\"1\" type=\"tel\" name=\"form_fields[6c48806]\" id=\"form-field-6c48806\" class=\"elementor-field elementor-size-md  elementor-field-textual\" placeholder=\"Tel\u00e8fon\" required=\"required\" aria-required=\"true\" pattern=\"[0-9()#&amp;+*-=.]+\" title=\"Only numbers and phone characters (#, -, *, etc) are accepted.\">\t\t\t\t<\/div>\n\t\t\t\t\t\t\t\t<div class=\"elementor-field-type-text elementor-field-group elementor-column elementor-field-group-97b2e79 elementor-col-50 elementor-field-required\">\n\t\t\t\t\t<label for=\"form-field-97b2e79\" class=\"elementor-field-label elementor-screen-only\">Provincia<\/label><input size=\"1\" type=\"text\" name=\"form_fields[97b2e79]\" id=\"form-field-97b2e79\" class=\"elementor-field elementor-size-md  elementor-field-textual\" placeholder=\"Prov\u00edncia\" required=\"required\" aria-required=\"true\">\t\t\t\t<\/div>\n\t\t\t\t\t\t\t\t<div class=\"elementor-field-type-email elementor-field-group elementor-column elementor-field-group-email elementor-col-50 elementor-field-required\">\n\t\t\t\t\t<label for=\"form-field-email\" class=\"elementor-field-label elementor-screen-only\">Email<\/label><input size=\"1\" type=\"email\" name=\"form_fields[email]\" id=\"form-field-email\" class=\"elementor-field elementor-size-md  elementor-field-textual\" placeholder=\"Email\" required=\"required\" aria-required=\"true\">\t\t\t\t<\/div>\n\t\t\t\t\t\t\t\t<div class=\"elementor-field-type-textarea elementor-field-group elementor-column elementor-field-group-message elementor-col-100 elementor-field-required\">\n\t\t\t\t\t<label for=\"form-field-message\" class=\"elementor-field-label elementor-screen-only\">Mensaje<\/label><textarea class=\"elementor-field-textual elementor-field  elementor-size-md\" name=\"form_fields[message]\" id=\"form-field-message\" rows=\"5\" placeholder=\"Missatge\" required=\"required\" aria-required=\"true\"><\/textarea>\t\t\t\t<\/div>\n\t\t\t\t\t\t\t\t<div class=\"elementor-field-type-acceptance elementor-field-group elementor-column elementor-field-group-4657818 elementor-col-100 elementor-field-required\">\n\t\t\t\t\t<div class=\"elementor-field-subgroup\"><span class=\"elementor-field-option\"><input type=\"checkbox\" name=\"form_fields[4657818]\" id=\"form-field-4657818\" class=\"elementor-field elementor-size-md  elementor-acceptance-field\" required=\"required\" aria-required=\"true\"> <label for=\"form-field-4657818\">Accepto la <a href=\"\/aviso-legal-politica-privacidad\/\">pol\u00edtica de privacitat<\/a>.<\/label><\/span><\/div>\t\t\t\t<\/div>\n\t\t\t\t\t\t\t\t<div class=\"elementor-field-group elementor-column elementor-field-type-submit elementor-col-100 e-form__buttons\">\n\t\t\t\t\t<button type=\"submit\" class=\"elementor-button elementor-size-md elementor-animation-grow\">\n\t\t\t\t\t\t<span >\n\t\t\t\t\t\t\t\t\t\t\t\t\t\t\t<span class=\" elementor-button-icon\">\n\t\t\t\t\t\t\t\t\t<i class=\"fa fa-send\" aria-hidden=\"true\"><\/i>\t\t\t\t\t\t\t\t\t\t\t\t\t\t\t\t\t<\/span>\n\t\t\t\t\t\t\t\t\t\t\t\t\t\t\t\t\t\t\t\t\t\t<span class=\"elementor-button-text\">Enviar Mensaje<\/span>\n\t\t\t\t\t\t\t\t\t\t\t\t\t<\/span>\n\t\t\t\t\t<\/button>\n\t\t\t\t<\/div>\n\t\t\t<\/div>\n\t\t<\/form>\n\t\t\t\t<\/div>\n\t\t\t\t<\/div>\n\t\t\t\t<div class=\"elementor-element elementor-element-1631b12 elementor-widget elementor-widget-toggle\" data-id=\"1631b12\" data-element_type=\"widget\" data-widget_type=\"toggle.default\">\n\t\t\t\t<div class=\"elementor-widget-container\">\n\t\t\t\t\t<div class=\"elementor-toggle\" role=\"tablist\">\n\t\t\t\t\t\t\t<div class=\"elementor-toggle-item\">\n\t\t\t\t\t<div id=\"elementor-tab-title-2321\" class=\"elementor-tab-title\" data-tab=\"1\" role=\"tab\" aria-controls=\"elementor-tab-content-2321\" aria-expanded=\"false\">\n\t\t\t\t\t\t\t\t\t\t\t\t<span class=\"elementor-toggle-icon elementor-toggle-icon-left\" aria-hidden=\"true\">\n\t\t\t\t\t\t\t\t\t\t\t\t\t\t\t<i class=\"elementor-toggle-icon-closed fa fa-angle-right\"><\/i>\n\t\t\t\t\t\t\t\t<i class=\"elementor-toggle-icon-opened fa fa-angle-up\"><\/i>\n\t\t\t\t\t\t\t\t\t\t\t\t\t<\/span>\n\t\t\t\t\t\t\t\t\t\t\t\t<a href=\"\" class=\"elementor-toggle-title\">Informaci\u00f3 b\u00e0sica sobre protecci\u00f3 de dades<\/a>\n\t\t\t\t\t<\/div>\n\t\t\t\t\t<div id=\"elementor-tab-content-2321\" class=\"elementor-tab-content elementor-clearfix\" data-tab=\"1\" role=\"tabpanel\" aria-labelledby=\"elementor-tab-title-2321\"><p><strong>Responsable del fichero:<\/strong> Garanley SLP.<br \/><strong>Finalidad:<\/strong> Dar respuesta a su solicitud de contacto.<br \/><strong>Legitimaci\u00f3n:<\/strong> tu consentimiento.<br \/><strong>Destinatarios:<\/strong> tus datos se encuentran alojados en un hosting privado, titularidad de Soluciones Web On Line S.L., alojado en Espa\u00f1a.<br \/>Podr\u00e1s ejercer tus Derechos de acceso, rectificaci\u00f3n,limitaci\u00f3n o suprimir tus datos enviando un email a <a href=\"mailto:mail@garanley.com\">mail@garanley.com<\/a><\/p><\/div>\n\t\t\t\t<\/div>\n\t\t\t\t\t\t\t\t<\/div>\n\t\t\t\t<\/div>\n\t\t\t\t<\/div>\n\t\t\t\t\t\t<\/div>\n\t\t\t\t\t<\/div>\n\t\t<\/div>\n\t\t\t\t<div class=\"elementor-column elementor-col-33 elementor-inner-column elementor-element elementor-element-673a2bd4\" data-id=\"673a2bd4\" data-element_type=\"column\">\n\t\t\t<div class=\"elementor-column-wrap\">\n\t\t\t\t\t\t\t<div class=\"elementor-widget-wrap\">\n\t\t\t\t\t\t\t\t<\/div>\n\t\t\t\t\t<\/div>\n\t\t<\/div>\n\t\t\t\t\t\t\t\t<\/div>\n\t\t\t\t\t<\/div>\n\t\t<\/section>\n\t\t\t\t\t\t<\/div>\n\t\t\t\t\t<\/div>\n\t\t<\/div>\n\t\t\t\t\t\t\t\t<\/div>\n\t\t\t\t\t<\/div>\n\t\t<\/section>\n\t\t\t\t<section class=\"elementor-section elementor-top-section elementor-element elementor-element-2ea0d756 elementor-section-full_width elementor-section-height-default elementor-section-height-default\" data-id=\"2ea0d756\" data-element_type=\"section\">\n\t\t\t\t\t\t<div class=\"elementor-container elementor-column-gap-no\">\n\t\t\t\t\t\t\t<div class=\"elementor-row\">\n\t\t\t\t\t<div class=\"elementor-column elementor-col-100 elementor-top-column elementor-element elementor-element-70a55e64\" data-id=\"70a55e64\" data-element_type=\"column\">\n\t\t\t<div class=\"elementor-column-wrap elementor-element-populated\">\n\t\t\t\t\t\t\t<div class=\"elementor-widget-wrap\">\n\t\t\t\t\t\t<div class=\"elementor-element elementor-element-7bc738d1 elementor-widget elementor-widget-google_maps\" data-id=\"7bc738d1\" data-element_type=\"widget\" data-widget_type=\"google_maps.default\">\n\t\t\t\t<div class=\"elementor-widget-container\">\n\t\t\t\t\t<div class=\"elementor-custom-embed\">\n\t\t\t<iframe frameborder=\"0\" scrolling=\"no\" marginheight=\"0\" marginwidth=\"0\" src=\"https:\/\/maps.google.com\/maps?q=Garanley%20abogados&amp;t=m&amp;z=14&amp;output=embed&amp;iwloc=near\" title=\"%3$s\" aria-label=\"%3$s\"><\/iframe>\n\t\t<\/div>\n\t\t\t\t<\/div>\n\t\t\t\t<\/div>\n\t\t\t\t\t\t<\/div>\n\t\t\t\t\t<\/div>\n\t\t<\/div>\n\t\t\t\t\t\t\t\t<\/div>\n\t\t\t\t\t<\/div>\n\t\t<\/section>\n\t\t\t\t\t\t<\/div>\n\t\t\t\t\t\t<\/div>\n\t\t\t\t\t<\/div>\n\t\t","protected":false},"excerpt":{"rendered":"<p>Contactar Adre\u00e7a C. Pau Claris, 138, 1r 4a 08009 Barcelona Tel\u00e8fon 931 81 04 15 659 35 35 03 Email info@garanley.com Contactaamb nosaltres Informaci\u00f3 b\u00e0sica sobre protecci\u00f3 de dades Responsable del fichero: Garanley SLP.Finalidad: Dar respuesta a su solicitud de contacto.Legitimaci\u00f3n: tu consentimiento.Destinatarios: tus datos se encuentran alojados en un hosting privado, titularidad de Soluciones &hellip;<\/p>\n<p class=\"read-more\"> <a class=\"\" href=\"https:\/\/garanley.com\/ca\/contacte\/\"> <span class=\"screen-reader-text\">Contacto<\/span> Read More \u00bb<\/a><\/p>\n","protected":false},"author":1,"featured_media":0,"parent":0,"menu_order":0,"comment_status":"closed","ping_status":"closed","template":"","meta":{"_monsterinsights_skip_tracking":false,"_monsterinsights_sitenote_active":false,"_monsterinsights_sitenote_note":"","_monsterinsights_sitenote_category":0,"footnotes":""},"class_list":["post-1827","page","type-page","status-publish","hentry"],"yoast_head":"<!-- This site is optimized with the Yoast SEO plugin v23.2 - https:\/\/yoast.com\/wordpress\/plugins\/seo\/ -->\n<title>Contacta amb Garanley Advocats<\/title>\n<meta name=\"robots\" content=\"noindex, nofollow\" \/>\n<meta property=\"og:locale\" content=\"ca_ES\" \/>\n<meta property=\"og:type\" content=\"article\" \/>\n<meta property=\"og:title\" content=\"Contacta amb Garanley Advocats\" \/>\n<meta property=\"og:description\" content=\"Contactar Adre\u00e7a C. Pau Claris, 138, 1r 4a 08009 Barcelona Tel\u00e8fon 931 81 04 15 659 35 35 03 Email info@garanley.com Contactaamb nosaltres Informaci\u00f3 b\u00e0sica sobre protecci\u00f3 de dades Responsable del fichero: Garanley SLP.Finalidad: Dar respuesta a su solicitud de contacto.Legitimaci\u00f3n: tu consentimiento.Destinatarios: tus datos se encuentran alojados en un hosting privado, titularidad de Soluciones &hellip; Contacto Read More \u00bb\" \/>\n<meta property=\"og:url\" content=\"https:\/\/garanley.com\/contacto\/\" \/>\n<meta property=\"og:site_name\" content=\"Garanley Abogados\" \/>\n<meta property=\"article:publisher\" content=\"https:\/\/www.facebook.com\/Garanley\/\" \/>\n<meta property=\"article:modified_time\" content=\"2020-07-03T07:39:49+00:00\" \/>\n<meta property=\"og:image\" content=\"https:\/\/garanley.com\/wp-content\/uploads\/1438655.png\" \/>\n\t<meta property=\"og:image:width\" content=\"290\" \/>\n\t<meta property=\"og:image:height\" content=\"190\" \/>\n\t<meta property=\"og:image:type\" content=\"image\/png\" \/>\n<meta name=\"twitter:card\" content=\"summary_large_image\" \/>\n<meta name=\"twitter:site\" content=\"@garanley\" \/>\n<script type=\"application\/ld+json\" class=\"yoast-schema-graph\">{\"@context\":\"https:\/\/schema.org\",\"@graph\":[{\"@type\":\"WebPage\",\"@id\":\"https:\/\/garanley.com\/contacto\/\",\"url\":\"https:\/\/garanley.com\/contacto\/\",\"name\":\"Contacta amb Garanley Advocats\",\"isPartOf\":{\"@id\":\"https:\/\/garanley.com\/#website\"},\"datePublished\":\"2018-02-13T10:33:18+00:00\",\"dateModified\":\"2020-07-03T07:39:49+00:00\",\"breadcrumb\":{\"@id\":\"https:\/\/garanley.com\/contacto\/#breadcrumb\"},\"inLanguage\":\"ca\",\"potentialAction\":[{\"@type\":\"ReadAction\",\"target\":[\"https:\/\/garanley.com\/contacto\/\"]}]},{\"@type\":\"BreadcrumbList\",\"@id\":\"https:\/\/garanley.com\/contacto\/#breadcrumb\",\"itemListElement\":[{\"@type\":\"ListItem\",\"position\":1,\"name\":\"Inicio\",\"item\":\"https:\/\/garanley.com\/ca\/\"},{\"@type\":\"ListItem\",\"position\":2,\"name\":\"Contacto\"}]},{\"@type\":\"WebSite\",\"@id\":\"https:\/\/garanley.com\/#website\",\"url\":\"https:\/\/garanley.com\/\",\"name\":\"Garanley Abogados\",\"description\":\"Despacho de Abogados en Barcelona\",\"publisher\":{\"@id\":\"https:\/\/garanley.com\/#organization\"},\"potentialAction\":[{\"@type\":\"SearchAction\",\"target\":{\"@type\":\"EntryPoint\",\"urlTemplate\":\"https:\/\/garanley.com\/?s={search_term_string}\"},\"query-input\":\"required name=search_term_string\"}],\"inLanguage\":\"ca\"},{\"@type\":\"Organization\",\"@id\":\"https:\/\/garanley.com\/#organization\",\"name\":\"Garanley Abogados\",\"url\":\"https:\/\/garanley.com\/\",\"logo\":{\"@type\":\"ImageObject\",\"inLanguage\":\"ca\",\"@id\":\"https:\/\/garanley.com\/#\/schema\/logo\/image\/\",\"url\":\"https:\/\/garanley.com\/wp-content\/uploads\/Abogados-Barcelona-Garanley.jpg\",\"contentUrl\":\"https:\/\/garanley.com\/wp-content\/uploads\/Abogados-Barcelona-Garanley.jpg\",\"width\":320,\"height\":120,\"caption\":\"Garanley Abogados\"},\"image\":{\"@id\":\"https:\/\/garanley.com\/#\/schema\/logo\/image\/\"},\"sameAs\":[\"https:\/\/www.facebook.com\/Garanley\/\",\"https:\/\/x.com\/garanley\"]}]}<\/script>\n<!-- \/ Yoast SEO plugin. -->","yoast_head_json":{"title":"Contacta amb Garanley Advocats","robots":{"index":"noindex","follow":"nofollow"},"og_locale":"ca_ES","og_type":"article","og_title":"Contacta amb Garanley Advocats","og_description":"Contactar Adre\u00e7a C. Pau Claris, 138, 1r 4a 08009 Barcelona Tel\u00e8fon 931 81 04 15 659 35 35 03 Email info@garanley.com Contactaamb nosaltres Informaci\u00f3 b\u00e0sica sobre protecci\u00f3 de dades Responsable del fichero: Garanley SLP.Finalidad: Dar respuesta a su solicitud de contacto.Legitimaci\u00f3n: tu consentimiento.Destinatarios: tus datos se encuentran alojados en un hosting privado, titularidad de Soluciones &hellip; Contacto Read More \u00bb","og_url":"https:\/\/garanley.com\/contacto\/","og_site_name":"Garanley Abogados","article_publisher":"https:\/\/www.facebook.com\/Garanley\/","article_modified_time":"2020-07-03T07:39:49+00:00","og_image":[{"width":290,"height":190,"url":"https:\/\/garanley.com\/wp-content\/uploads\/1438655.png","type":"image\/png"}],"twitter_card":"summary_large_image","twitter_site":"@garanley","schema":{"@context":"https:\/\/schema.org","@graph":[{"@type":"WebPage","@id":"https:\/\/garanley.com\/contacto\/","url":"https:\/\/garanley.com\/contacto\/","name":"Contacta amb Garanley Advocats","isPartOf":{"@id":"https:\/\/garanley.com\/#website"},"datePublished":"2018-02-13T10:33:18+00:00","dateModified":"2020-07-03T07:39:49+00:00","breadcrumb":{"@id":"https:\/\/garanley.com\/contacto\/#breadcrumb"},"inLanguage":"ca","potentialAction":[{"@type":"ReadAction","target":["https:\/\/garanley.com\/contacto\/"]}]},{"@type":"BreadcrumbList","@id":"https:\/\/garanley.com\/contacto\/#breadcrumb","itemListElement":[{"@type":"ListItem","position":1,"name":"Inicio","item":"https:\/\/garanley.com\/ca\/"},{"@type":"ListItem","position":2,"name":"Contacto"}]},{"@type":"WebSite","@id":"https:\/\/garanley.com\/#website","url":"https:\/\/garanley.com\/","name":"Garanley Abogados","description":"Despacho de Abogados en Barcelona","publisher":{"@id":"https:\/\/garanley.com\/#organization"},"potentialAction":[{"@type":"SearchAction","target":{"@type":"EntryPoint","urlTemplate":"https:\/\/garanley.com\/?s={search_term_string}"},"query-input":"required name=search_term_string"}],"inLanguage":"ca"},{"@type":"Organization","@id":"https:\/\/garanley.com\/#organization","name":"Garanley Abogados","url":"https:\/\/garanley.com\/","logo":{"@type":"ImageObject","inLanguage":"ca","@id":"https:\/\/garanley.com\/#\/schema\/logo\/image\/","url":"https:\/\/garanley.com\/wp-content\/uploads\/Abogados-Barcelona-Garanley.jpg","contentUrl":"https:\/\/garanley.com\/wp-content\/uploads\/Abogados-Barcelona-Garanley.jpg","width":320,"height":120,"caption":"Garanley Abogados"},"image":{"@id":"https:\/\/garanley.com\/#\/schema\/logo\/image\/"},"sameAs":["https:\/\/www.facebook.com\/Garanley\/","https:\/\/x.com\/garanley"]}]}},"_links":{"self":[{"href":"https:\/\/garanley.com\/ca\/wp-json\/wp\/v2\/pages\/1827\/"}],"collection":[{"href":"https:\/\/garanley.com\/ca\/wp-json\/wp\/v2\/pages\/"}],"about":[{"href":"https:\/\/garanley.com\/ca\/wp-json\/wp\/v2\/types\/page\/"}],"author":[{"embeddable":true,"href":"https:\/\/garanley.com\/ca\/wp-json\/wp\/v2\/users\/1\/"}],"replies":[{"embeddable":true,"href":"https:\/\/garanley.com\/ca\/wp-json\/wp\/v2\/comments\/?post=1827"}],"version-history":[{"count":3,"href":"https:\/\/garanley.com\/ca\/wp-json\/wp\/v2\/pages\/1827\/revisions\/"}],"predecessor-version":[{"id":6035,"href":"https:\/\/garanley.com\/ca\/wp-json\/wp\/v2\/pages\/1827\/revisions\/6035\/"}],"wp:attachment":[{"href":"https:\/\/garanley.com\/ca\/wp-json\/wp\/v2\/media\/?parent=1827"}],"curies":[{"name":"wp","href":"https:\/\/api.w.org\/{rel}","templated":true}]}}